{"id":104,"date":"2023-07-26T12:29:24","date_gmt":"2023-07-26T12:29:24","guid":{"rendered":"https:\/\/helixlab.com.tr\/?page_id=104"},"modified":"2025-08-29T07:03:23","modified_gmt":"2025-08-29T07:03:23","slug":"ar-ge","status":"publish","type":"page","link":"https:\/\/helixlab.com.tr\/?page_id=104","title":{"rendered":"AR-GE"},"content":{"rendered":"\t\t<div data-elementor-type=\"wp-page\" data-elementor-id=\"104\" class=\"elementor elementor-104\">\n\t\t\t\t\t\t<section class=\"elementor-section elementor-top-section elementor-element elementor-element-1ceab12 elementor-section-stretched elementor-section-boxed elementor-section-height-default elementor-section-height-default\" data-id=\"1ceab12\" data-element_type=\"section\" data-e-type=\"section\" data-settings=\"{&quot;background_background&quot;:&quot;classic&quot;,&quot;stretch_section&quot;:&quot;section-stretched&quot;}\">\n\t\t\t\t\t\t\t<div class=\"elementor-background-overlay\"><\/div>\n\t\t\t\t\t\t\t<div class=\"elementor-container elementor-column-gap-default\">\n\t\t\t\t\t<div class=\"elementor-column elementor-col-100 elementor-top-column elementor-element elementor-element-eb8d3c1\" data-id=\"eb8d3c1\" data-element_type=\"column\" data-e-type=\"column\">\n\t\t\t<div class=\"elementor-widget-wrap elementor-element-populated\">\n\t\t\t\t\t\t<div class=\"elementor-element elementor-element-3475a98 elementor-widget__width-initial elementor-widget-tablet__width-initial elementor-widget elementor-widget-heading\" data-id=\"3475a98\" data-element_type=\"widget\" data-e-type=\"widget\" data-widget_type=\"heading.default\">\n\t\t\t\t<div class=\"elementor-widget-container\">\n\t\t\t\t\t<h2 class=\"elementor-heading-title elementor-size-default\">ARGE \u00c7ALI\u015eMALARI<\/h2>\t\t\t\t<\/div>\n\t\t\t\t<\/div>\n\t\t\t\t\t<\/div>\n\t\t<\/div>\n\t\t\t\t\t<\/div>\n\t\t<\/section>\n\t\t\t\t<section class=\"elementor-section elementor-top-section elementor-element elementor-element-8e8f3dd elementor-section-boxed elementor-section-height-default elementor-section-height-default\" data-id=\"8e8f3dd\" data-element_type=\"section\" data-e-type=\"section\" data-settings=\"{&quot;background_background&quot;:&quot;classic&quot;}\">\n\t\t\t\t\t\t<div class=\"elementor-container elementor-column-gap-default\">\n\t\t\t\t\t<div class=\"elementor-column elementor-col-100 elementor-top-column elementor-element elementor-element-8d231f9\" data-id=\"8d231f9\" data-element_type=\"column\" data-e-type=\"column\">\n\t\t\t<div class=\"elementor-widget-wrap elementor-element-populated\">\n\t\t\t\t\t\t<section class=\"elementor-section elementor-inner-section elementor-element elementor-element-d0c983a elementor-section-boxed elementor-section-height-default elementor-section-height-default\" data-id=\"d0c983a\" data-element_type=\"section\" data-e-type=\"section\">\n\t\t\t\t\t\t<div class=\"elementor-container elementor-column-gap-default\">\n\t\t\t\t\t<div class=\"elementor-column elementor-col-100 elementor-inner-column elementor-element elementor-element-c8e9f12\" data-id=\"c8e9f12\" data-element_type=\"column\" data-e-type=\"column\">\n\t\t\t<div class=\"elementor-widget-wrap elementor-element-populated\">\n\t\t\t\t\t\t<div class=\"elementor-element elementor-element-63ef48f elementor-widget__width-initial elementor-widget-divider--view-line elementor-widget elementor-widget-divider\" data-id=\"63ef48f\" data-element_type=\"widget\" data-e-type=\"widget\" data-widget_type=\"divider.default\">\n\t\t\t\t<div class=\"elementor-widget-container\">\n\t\t\t\t\t\t\t<div class=\"elementor-divider\">\n\t\t\t<span class=\"elementor-divider-separator\">\n\t\t\t\t\t\t<\/span>\n\t\t<\/div>\n\t\t\t\t\t\t<\/div>\n\t\t\t\t<\/div>\n\t\t\t\t<div class=\"elementor-element elementor-element-0533215 elementor-widget__width-initial elementor-widget elementor-widget-heading\" data-id=\"0533215\" data-element_type=\"widget\" data-e-type=\"widget\" data-widget_type=\"heading.default\">\n\t\t\t\t<div class=\"elementor-widget-container\">\n\t\t\t\t\t<h2 class=\"elementor-heading-title elementor-size-default\">aRGE \u00c7ALI\u015eMALARI<\/h2>\t\t\t\t<\/div>\n\t\t\t\t<\/div>\n\t\t\t\t\t<\/div>\n\t\t<\/div>\n\t\t\t\t\t<\/div>\n\t\t<\/section>\n\t\t\t\t<div class=\"elementor-element elementor-element-8a53935 elementor-widget elementor-widget-text-editor\" data-id=\"8a53935\" data-element_type=\"widget\" data-e-type=\"widget\" data-widget_type=\"text-editor.default\">\n\t\t\t\t<div class=\"elementor-widget-container\">\n\t\t\t\t\t\t\t\t\t<p data-start=\"330\" data-end=\"626\">HELIXLAB olarak, <strong data-start=\"347\" data-end=\"404\">yenilik\u00e7i fikirlerin hayata ge\u00e7irilmesini destekleyen<\/strong> ve <strong data-start=\"408\" data-end=\"472\">biyoteknoloji ile sa\u011fl\u0131k alan\u0131nda Ar-Ge faaliyetleri y\u00fcr\u00fcten<\/strong> bir laboratuvar\u0131z. Amac\u0131m\u0131z; bilimsel projelere, end\u00fcstriyel \u00fcr\u00fcn geli\u015ftirmeye ve klinik ara\u015ft\u0131rmalara g\u00fc\u00e7l\u00fc bir Ar-Ge altyap\u0131s\u0131 ile katk\u0131 sa\u011flamakt\u0131r.<\/p><h4 data-start=\"628\" data-end=\"657\"><strong data-start=\"632\" data-end=\"655\">\u00c7al\u0131\u015fma Alanlar\u0131m\u0131z<\/strong><\/h4><p data-start=\"659\" data-end=\"683\">\ud83d\udd39 <strong>\u0130la\u00e7 Geli\u015ftirme<\/strong><\/p><ul data-start=\"684\" data-end=\"810\"><li data-start=\"684\" data-end=\"740\"><p data-start=\"686\" data-end=\"740\">Antikanser ve antimikrobiyal ajanlar\u0131n ara\u015ft\u0131r\u0131lmas\u0131<\/p><\/li><li data-start=\"741\" data-end=\"810\"><p data-start=\"743\" data-end=\"810\">Yara iyile\u015fmesi odakl\u0131 yeni tedavi yakla\u015f\u0131mlar\u0131n\u0131n geli\u015ftirilmesi<\/p><\/li><\/ul><p data-start=\"812\" data-end=\"859\">\ud83d\udd39 <strong data-start=\"815\" data-end=\"857\">Ticari ve Ara\u015ft\u0131rma Ama\u00e7l\u0131 Kit Dizayn\u0131<\/strong><\/p><ul data-start=\"860\" data-end=\"1217\"><li data-start=\"860\" data-end=\"975\"><p data-start=\"862\" data-end=\"975\">Patojenler, genetik hastal\u0131klar ve \u00f6zellikle SARS-CoV-2 gibi k\u00fcresel sa\u011fl\u0131k tehditlerine y\u00f6nelik kit geli\u015ftirme<\/p><\/li><li data-start=\"976\" data-end=\"1094\"><p data-start=\"978\" data-end=\"1094\">Risk tahmini, erken te\u015fhis, hastal\u0131k seyrinin takibi ve tedavi se\u00e7imine destek sa\u011flayacak tan\u0131 kitlerinin Ar-Ge\u2019si<\/p><\/li><li data-start=\"1095\" data-end=\"1217\"><p data-start=\"1097\" data-end=\"1217\">Uluslararas\u0131 standartlara uygun, do\u011frulu\u011fu ve duyarl\u0131l\u0131\u011f\u0131 kan\u0131tlanm\u0131\u015f, maliyet-etkin ve kullan\u0131c\u0131 dostu kit geli\u015ftirme<\/p><\/li><\/ul><p data-start=\"1219\" data-end=\"1252\">\ud83d\udd39 <strong data-start=\"1222\" data-end=\"1250\">Kozmetik \u00dcr\u00fcn Geli\u015ftirme<\/strong><\/p><ul data-start=\"1253\" data-end=\"1371\"><li data-start=\"1253\" data-end=\"1313\"><p data-start=\"1255\" data-end=\"1313\">Yeni form\u00fclasyonlar ve etkin bile\u015fenlerin geli\u015ftirilmesi<\/p><\/li><li data-start=\"1314\" data-end=\"1371\"><p data-start=\"1316\" data-end=\"1371\">Bilimsel verilerle desteklenen kozmetik \u00fcr\u00fcn tasar\u0131m\u0131<\/p><\/li><\/ul><p data-start=\"1373\" data-end=\"1406\">\ud83d\udd39 <strong data-start=\"1376\" data-end=\"1404\">Yeni Protokol Geli\u015ftirme<\/strong><\/p><ul data-start=\"1407\" data-end=\"1538\"><li data-start=\"1407\" data-end=\"1454\"><p data-start=\"1409\" data-end=\"1454\">Mevcut bilimsel y\u00f6ntemlerin iyile\u015ftirilmesi<\/p><\/li><li data-start=\"1455\" data-end=\"1538\"><p data-start=\"1457\" data-end=\"1538\">Daha h\u0131zl\u0131, verimli ve g\u00fcvenilir \u00e7\u00f6z\u00fcmler i\u00e7in \u00f6zg\u00fcn protokoller geli\u015ftirilmesi<\/p><\/li><\/ul>\t\t\t\t\t\t\t\t<\/div>\n\t\t\t\t<\/div>\n\t\t\t\t\t<\/div>\n\t\t<\/div>\n\t\t\t\t\t<\/div>\n\t\t<\/section>\n\t\t\t\t<section class=\"elementor-section elementor-top-section elementor-element elementor-element-176d43a elementor-section-boxed elementor-section-height-default elementor-section-height-default\" data-id=\"176d43a\" data-element_type=\"section\" data-e-type=\"section\">\n\t\t\t\t\t\t<div class=\"elementor-container elementor-column-gap-default\">\n\t\t\t\t\t<div class=\"elementor-column elementor-col-100 elementor-top-column elementor-element elementor-element-e2a7a92\" data-id=\"e2a7a92\" data-element_type=\"column\" data-e-type=\"column\">\n\t\t\t<div class=\"elementor-widget-wrap elementor-element-populated\">\n\t\t\t\t\t\t<div class=\"elementor-element elementor-element-baae6f0 elementor-widget elementor-widget-image\" data-id=\"baae6f0\" data-element_type=\"widget\" data-e-type=\"widget\" data-widget_type=\"image.default\">\n\t\t\t\t<div class=\"elementor-widget-container\">\n\t\t\t\t\t\t\t\t\t\t\t\t\t\t\t<img fetchpriority=\"high\" decoding=\"async\" width=\"843\" height=\"561\" src=\"https:\/\/helixlab.com.tr\/wp-content\/uploads\/2023\/07\/laboratory-research-1024x682.jpg\" class=\"attachment-large size-large wp-image-207\" alt=\"Laboratory research\" srcset=\"https:\/\/helixlab.com.tr\/wp-content\/uploads\/2023\/07\/laboratory-research-1024x682.jpg 1024w, https:\/\/helixlab.com.tr\/wp-content\/uploads\/2023\/07\/laboratory-research-300x200.jpg 300w, https:\/\/helixlab.com.tr\/wp-content\/uploads\/2023\/07\/laboratory-research-768x512.jpg 768w, https:\/\/helixlab.com.tr\/wp-content\/uploads\/2023\/07\/laboratory-research-1536x1024.jpg 1536w, https:\/\/helixlab.com.tr\/wp-content\/uploads\/2023\/07\/laboratory-research.jpg 2000w\" sizes=\"(max-width: 843px) 100vw, 843px\" \/>\t\t\t\t\t\t\t\t\t\t\t\t\t\t\t<\/div>\n\t\t\t\t<\/div>\n\t\t\t\t\t<\/div>\n\t\t<\/div>\n\t\t\t\t\t<\/div>\n\t\t<\/section>\n\t\t\t\t<\/div>\n\t\t","protected":false},"excerpt":{"rendered":"<p>ARGE \u00c7ALI\u015eMALARI aRGE \u00c7ALI\u015eMALARI HELIXLAB olarak, yenilik\u00e7i fikirlerin hayata ge\u00e7irilmesini destekleyen ve biyoteknoloji ile sa\u011fl\u0131k alan\u0131nda Ar-Ge faaliyetleri y\u00fcr\u00fcten bir laboratuvar\u0131z. Amac\u0131m\u0131z; bilimsel projelere, end\u00fcstriyel&hellip;<\/p>\n","protected":false},"author":3,"featured_media":0,"parent":0,"menu_order":0,"comment_status":"closed","ping_status":"closed","template":"","meta":{"footnotes":""},"class_list":["post-104","page","type-page","status-publish","hentry"],"aioseo_notices":[],"_links":{"self":[{"href":"https:\/\/helixlab.com.tr\/index.php?rest_route=\/wp\/v2\/pages\/104","targetHints":{"allow":["GET"]}}],"collection":[{"href":"https:\/\/helixlab.com.tr\/index.php?rest_route=\/wp\/v2\/pages"}],"about":[{"href":"https:\/\/helixlab.com.tr\/index.php?rest_route=\/wp\/v2\/types\/page"}],"author":[{"embeddable":true,"href":"https:\/\/helixlab.com.tr\/index.php?rest_route=\/wp\/v2\/users\/3"}],"replies":[{"embeddable":true,"href":"https:\/\/helixlab.com.tr\/index.php?rest_route=%2Fwp%2Fv2%2Fcomments&post=104"}],"version-history":[{"count":5,"href":"https:\/\/helixlab.com.tr\/index.php?rest_route=\/wp\/v2\/pages\/104\/revisions"}],"predecessor-version":[{"id":750,"href":"https:\/\/helixlab.com.tr\/index.php?rest_route=\/wp\/v2\/pages\/104\/revisions\/750"}],"wp:attachment":[{"href":"https:\/\/helixlab.com.tr\/index.php?rest_route=%2Fwp%2Fv2%2Fmedia&parent=104"}],"curies":[{"name":"wp","href":"https:\/\/api.w.org\/{rel}","templated":true}]}}