{"id":17,"date":"2023-07-25T08:10:24","date_gmt":"2023-07-25T08:10:24","guid":{"rendered":"https:\/\/helixlab.com.tr\/?page_id=17"},"modified":"2025-08-28T09:25:03","modified_gmt":"2025-08-28T09:25:03","slug":"main-page","status":"publish","type":"page","link":"https:\/\/helixlab.com.tr\/","title":{"rendered":"Main Page"},"content":{"rendered":"\t\t<div data-elementor-type=\"wp-page\" data-elementor-id=\"17\" class=\"elementor elementor-17\">\n\t\t\t\t\t\t<section class=\"elementor-section elementor-top-section elementor-element elementor-element-16c07a3 elementor-section-boxed elementor-section-height-default elementor-section-height-default\" data-id=\"16c07a3\" data-element_type=\"section\" data-e-type=\"section\">\n\t\t\t\t\t\t<div class=\"elementor-container elementor-column-gap-default\">\n\t\t\t\t\t<div class=\"elementor-column elementor-col-100 elementor-top-column elementor-element elementor-element-42b91cb\" data-id=\"42b91cb\" data-element_type=\"column\" data-e-type=\"column\">\n\t\t\t<div class=\"elementor-widget-wrap elementor-element-populated\">\n\t\t\t\t\t\t<div class=\"elementor-element elementor-element-33d6508 elementor-widget elementor-widget-heading\" data-id=\"33d6508\" data-element_type=\"widget\" data-e-type=\"widget\" data-widget_type=\"heading.default\">\n\t\t\t\t<div class=\"elementor-widget-container\">\n\t\t\t\t\t<h2 class=\"elementor-heading-title elementor-size-default\"><br>HELIXLAB UZMAN KADROMUZ VE SON TEKNOLOJ\u0130 C\u0130HAZLARIMIZ \u0130LE H\u0130ZMET\u0130N\u0130ZDEY\u0130Z.<br><br><\/h2>\t\t\t\t<\/div>\n\t\t\t\t<\/div>\n\t\t\t\t\t<\/div>\n\t\t<\/div>\n\t\t\t\t\t<\/div>\n\t\t<\/section>\n\t\t\t\t<section class=\"elementor-section elementor-top-section elementor-element elementor-element-737eebea elementor-section-height-min-height elementor-section-content-bottom elementor-section-stretched elementor-section-boxed elementor-section-height-default elementor-section-items-middle\" data-id=\"737eebea\" data-element_type=\"section\" data-e-type=\"section\" data-settings=\"{&quot;background_background&quot;:&quot;classic&quot;,&quot;stretch_section&quot;:&quot;section-stretched&quot;}\">\n\t\t\t\t\t\t\t<div class=\"elementor-background-overlay\"><\/div>\n\t\t\t\t\t\t\t<div class=\"elementor-container elementor-column-gap-no\">\n\t\t\t\t\t<div class=\"elementor-column elementor-col-100 elementor-top-column elementor-element elementor-element-4a9fac1f\" data-id=\"4a9fac1f\" data-element_type=\"column\" data-e-type=\"column\">\n\t\t\t<div class=\"elementor-widget-wrap elementor-element-populated\">\n\t\t\t\t\t\t<div class=\"elementor-element elementor-element-5882c507 animated-slow elementor-invisible elementor-widget elementor-widget-heading\" data-id=\"5882c507\" data-element_type=\"widget\" data-e-type=\"widget\" data-settings=\"{&quot;_animation&quot;:&quot;fadeInUp&quot;,&quot;_animation_delay&quot;:100}\" data-widget_type=\"heading.default\">\n\t\t\t\t<div class=\"elementor-widget-container\">\n\t\t\t\t\t<h2 class=\"elementor-heading-title elementor-size-default\">Hel\u0131xlab<\/h2>\t\t\t\t<\/div>\n\t\t\t\t<\/div>\n\t\t\t\t<div class=\"elementor-element elementor-element-cac028c elementor-widget elementor-widget-text-editor\" data-id=\"cac028c\" data-element_type=\"widget\" data-e-type=\"widget\" data-widget_type=\"text-editor.default\">\n\t\t\t\t<div class=\"elementor-widget-container\">\n\t\t\t\t\t\t\t\t\t<p><b>Uzman kadromuz ve son teknoloji cihazlar\u0131m\u0131zla ara\u015ft\u0131rma ve geli\u015ftirme \u00e7al\u0131\u015fmalar\u0131n\u0131zda yan\u0131n\u0131zday\u0131z.<\/b><\/p><p><span style=\"font-weight: 400;\">HELIXLAB, bir <\/span><b>t\u0131bbi laboratuvar de\u011fil<\/b><span style=\"font-weight: 400;\">, <\/span><b>Ar-Ge ve biyoteknoloji odakl\u0131 bir ara\u015ft\u0131rma laboratuvar\u0131d\u0131r.<\/b><span style=\"font-weight: 400;\">\u00c7al\u0131\u015fmalar\u0131m\u0131z, <\/span><b>tan\u0131 veya tedavi hizmetleri sunmak yerine<\/b><span style=\"font-weight: 400;\">, \u00fcr\u00fcn geli\u015ftirme, kalite kontrol ve bilimsel projelere katk\u0131 sa\u011flamak amac\u0131yla y\u00fcr\u00fct\u00fclmektedir.<\/span><\/p><p><strong>\u00c7al\u0131\u015fma Alanlar\u0131m\u0131z<\/strong><\/p><ul><li style=\"font-weight: 400;\" aria-level=\"1\"><b>Molek\u00fcler Biyoloji ve Genetik Analizler<\/b><b><br \/><\/b><span style=\"font-weight: 400;\">(PCR, Western Blot, DNA\/RNA sekanslama, NGS, FISH)<\/span><\/li><li style=\"font-weight: 400;\" aria-level=\"1\"><b>Mikrobiyoloji Ara\u015ft\u0131rmalar\u0131<\/b><b><br \/><\/b><span style=\"font-weight: 400;\">(K\u00fclt\u00fcr, tiplendirme, antibiyogram \u2013 Ar-Ge ama\u00e7l\u0131)<\/span><\/li><li style=\"font-weight: 400;\" aria-level=\"1\"><b>Kanser Odakl\u0131 Genetik Ar-Ge \u00c7al\u0131\u015fmalar\u0131<\/b><b><br \/><\/b><span style=\"font-weight: 400;\">(Likit biyopsi, CTC tespiti, NGS tabanl\u0131 ara\u015ft\u0131rmalar)<\/span><\/li><li style=\"font-weight: 400;\" aria-level=\"1\"><b>Ak\u0131m Sitometri (Flow Cytometry)<\/b><b><br \/><\/b><span style=\"font-weight: 400;\">(H\u00fccresel ba\u011f\u0131\u015f\u0131kl\u0131k \u00e7al\u0131\u015fmalar\u0131 ve di\u011fer Ar-Ge uygulamalar\u0131)<\/span><\/li><li style=\"font-weight: 400;\" aria-level=\"1\"><b>Tan\u0131 Kiti Geli\u015ftirme ve Validasyon<\/b><\/li><li style=\"font-weight: 400;\" aria-level=\"1\"><b>\u00dcr\u00fcn Kalite Kontrol ve Validasyon \u00c7al\u0131\u015fmalar\u0131<\/b><\/li><li style=\"font-weight: 400;\" aria-level=\"1\"><b>Klinik Ara\u015ft\u0131rmalara Destek Sunan Ar-Ge Projeleri<\/b><\/li><\/ul><p><strong>Misyonumuz<\/strong><\/p><p><span style=\"font-weight: 400;\">Bilimsel projelere, end\u00fcstriyel \u00fcr\u00fcn geli\u015ftirme s\u00fcre\u00e7lerine ve klinik ara\u015ft\u0131rmalara <\/span><b>Ar-Ge altyap\u0131m\u0131z ve deneyimli ekibimizle katk\u0131 sa\u011flamak<\/b><span style=\"font-weight: 400;\">.<\/span><\/p>\t\t\t\t\t\t\t\t<\/div>\n\t\t\t\t<\/div>\n\t\t\t\t<div class=\"elementor-element elementor-element-f681e55 elementor-widget elementor-widget-text-editor\" data-id=\"f681e55\" data-element_type=\"widget\" data-e-type=\"widget\" data-widget_type=\"text-editor.default\">\n\t\t\t\t<div class=\"elementor-widget-container\">\n\t\t\t\t\t\t\t\t\t<p>Klinik Ara\u015ft\u0131rmalar \u0130\u00e7in Tasarlanm\u0131\u015f AR-GE Laboratuvar\u0131<\/p>\t\t\t\t\t\t\t\t<\/div>\n\t\t\t\t<\/div>\n\t\t\t\t\t<\/div>\n\t\t<\/div>\n\t\t\t\t\t<\/div>\n\t\t<\/section>\n\t\t\t\t<\/div>\n\t\t","protected":false},"excerpt":{"rendered":"<p>HELIXLAB UZMAN KADROMUZ VE SON TEKNOLOJ\u0130 C\u0130HAZLARIMIZ \u0130LE H\u0130ZMET\u0130N\u0130ZDEY\u0130Z. Hel\u0131xlab Uzman kadromuz ve son teknoloji cihazlar\u0131m\u0131zla ara\u015ft\u0131rma ve geli\u015ftirme \u00e7al\u0131\u015fmalar\u0131n\u0131zda yan\u0131n\u0131zday\u0131z. HELIXLAB, bir t\u0131bbi laboratuvar&hellip;<\/p>\n","protected":false},"author":1,"featured_media":0,"parent":0,"menu_order":0,"comment_status":"closed","ping_status":"closed","template":"","meta":{"footnotes":""},"class_list":["post-17","page","type-page","status-publish","hentry"],"aioseo_notices":[],"_links":{"self":[{"href":"https:\/\/helixlab.com.tr\/index.php?rest_route=\/wp\/v2\/pages\/17","targetHints":{"allow":["GET"]}}],"collection":[{"href":"https:\/\/helixlab.com.tr\/index.php?rest_route=\/wp\/v2\/pages"}],"about":[{"href":"https:\/\/helixlab.com.tr\/index.php?rest_route=\/wp\/v2\/types\/page"}],"author":[{"embeddable":true,"href":"https:\/\/helixlab.com.tr\/index.php?rest_route=\/wp\/v2\/users\/1"}],"replies":[{"embeddable":true,"href":"https:\/\/helixlab.com.tr\/index.php?rest_route=%2Fwp%2Fv2%2Fcomments&post=17"}],"version-history":[{"count":5,"href":"https:\/\/helixlab.com.tr\/index.php?rest_route=\/wp\/v2\/pages\/17\/revisions"}],"predecessor-version":[{"id":621,"href":"https:\/\/helixlab.com.tr\/index.php?rest_route=\/wp\/v2\/pages\/17\/revisions\/621"}],"wp:attachment":[{"href":"https:\/\/helixlab.com.tr\/index.php?rest_route=%2Fwp%2Fv2%2Fmedia&parent=17"}],"curies":[{"name":"wp","href":"https:\/\/api.w.org\/{rel}","templated":true}]}}