{"id":300,"date":"2023-08-22T12:28:27","date_gmt":"2023-08-22T12:28:27","guid":{"rendered":"https:\/\/helixlab.com.tr\/?page_id=300"},"modified":"2025-08-29T07:06:37","modified_gmt":"2025-08-29T07:06:37","slug":"egitim","status":"publish","type":"page","link":"https:\/\/helixlab.com.tr\/?page_id=300","title":{"rendered":"E\u011fitim"},"content":{"rendered":"\t\t<div data-elementor-type=\"wp-page\" data-elementor-id=\"300\" class=\"elementor elementor-300\">\n\t\t\t\t\t\t<section class=\"elementor-section elementor-top-section elementor-element elementor-element-1ceab12 elementor-section-stretched elementor-section-boxed elementor-section-height-default elementor-section-height-default\" data-id=\"1ceab12\" data-element_type=\"section\" data-e-type=\"section\" data-settings=\"{&quot;background_background&quot;:&quot;classic&quot;,&quot;stretch_section&quot;:&quot;section-stretched&quot;}\">\n\t\t\t\t\t\t\t<div class=\"elementor-background-overlay\"><\/div>\n\t\t\t\t\t\t\t<div class=\"elementor-container elementor-column-gap-default\">\n\t\t\t\t\t<div class=\"elementor-column elementor-col-100 elementor-top-column elementor-element elementor-element-eb8d3c1\" data-id=\"eb8d3c1\" data-element_type=\"column\" data-e-type=\"column\">\n\t\t\t<div class=\"elementor-widget-wrap elementor-element-populated\">\n\t\t\t\t\t\t<div class=\"elementor-element elementor-element-3475a98 elementor-widget__width-initial elementor-widget-tablet__width-initial elementor-widget elementor-widget-heading\" data-id=\"3475a98\" data-element_type=\"widget\" data-e-type=\"widget\" data-widget_type=\"heading.default\">\n\t\t\t\t<div class=\"elementor-widget-container\">\n\t\t\t\t\t<h2 class=\"elementor-heading-title elementor-size-default\">E\u011e\u0130T\u0130M<\/h2>\t\t\t\t<\/div>\n\t\t\t\t<\/div>\n\t\t\t\t\t<\/div>\n\t\t<\/div>\n\t\t\t\t\t<\/div>\n\t\t<\/section>\n\t\t\t\t<section class=\"elementor-section elementor-top-section elementor-element elementor-element-8e8f3dd elementor-section-boxed elementor-section-height-default elementor-section-height-default\" data-id=\"8e8f3dd\" data-element_type=\"section\" data-e-type=\"section\" data-settings=\"{&quot;background_background&quot;:&quot;classic&quot;}\">\n\t\t\t\t\t\t<div class=\"elementor-container elementor-column-gap-default\">\n\t\t\t\t\t<div class=\"elementor-column elementor-col-100 elementor-top-column elementor-element elementor-element-8d231f9\" data-id=\"8d231f9\" data-element_type=\"column\" data-e-type=\"column\">\n\t\t\t<div class=\"elementor-widget-wrap elementor-element-populated\">\n\t\t\t\t\t\t<section class=\"elementor-section elementor-inner-section elementor-element elementor-element-d0c983a elementor-section-boxed elementor-section-height-default elementor-section-height-default\" data-id=\"d0c983a\" data-element_type=\"section\" data-e-type=\"section\">\n\t\t\t\t\t\t<div class=\"elementor-container elementor-column-gap-default\">\n\t\t\t\t\t<div class=\"elementor-column elementor-col-100 elementor-inner-column elementor-element elementor-element-c8e9f12\" data-id=\"c8e9f12\" data-element_type=\"column\" data-e-type=\"column\">\n\t\t\t<div class=\"elementor-widget-wrap elementor-element-populated\">\n\t\t\t\t\t\t<div class=\"elementor-element elementor-element-63ef48f elementor-widget__width-initial elementor-widget-divider--view-line elementor-widget elementor-widget-divider\" data-id=\"63ef48f\" data-element_type=\"widget\" data-e-type=\"widget\" data-widget_type=\"divider.default\">\n\t\t\t\t<div class=\"elementor-widget-container\">\n\t\t\t\t\t\t\t<div class=\"elementor-divider\">\n\t\t\t<span class=\"elementor-divider-separator\">\n\t\t\t\t\t\t<\/span>\n\t\t<\/div>\n\t\t\t\t\t\t<\/div>\n\t\t\t\t<\/div>\n\t\t\t\t<div class=\"elementor-element elementor-element-0533215 elementor-widget__width-initial elementor-widget elementor-widget-heading\" data-id=\"0533215\" data-element_type=\"widget\" data-e-type=\"widget\" data-widget_type=\"heading.default\">\n\t\t\t\t<div class=\"elementor-widget-container\">\n\t\t\t\t\t<h2 class=\"elementor-heading-title elementor-size-default\">E\u011e\u0130T\u0130M<\/h2>\t\t\t\t<\/div>\n\t\t\t\t<\/div>\n\t\t\t\t\t<\/div>\n\t\t<\/div>\n\t\t\t\t\t<\/div>\n\t\t<\/section>\n\t\t\t\t<div class=\"elementor-element elementor-element-8a53935 elementor-widget elementor-widget-text-editor\" data-id=\"8a53935\" data-element_type=\"widget\" data-e-type=\"widget\" data-widget_type=\"text-editor.default\">\n\t\t\t\t<div class=\"elementor-widget-container\">\n\t\t\t\t\t\t\t\t\t<p data-start=\"246\" data-end=\"634\">HelixLab olarak yaln\u0131zca Ar-Ge projeleri \u00fcretmekle kalm\u0131yor; ayn\u0131 zamanda <strong data-start=\"320\" data-end=\"392\">bilgi payla\u015f\u0131m\u0131 ve yeti\u015fmi\u015f insan g\u00fcc\u00fcn\u00fcn geli\u015fimine katk\u0131 sa\u011flamay\u0131<\/strong> da \u00f6nemsiyoruz. Bu kapsamda; \u00fcniversite \u00f6\u011frencilerinden kamu kurumlar\u0131 \u00e7al\u0131\u015fanlar\u0131na, \u00f6zel sekt\u00f6r profesyonellerinden ara\u015ft\u0131rmac\u0131lara kadar geni\u015f bir yelpazede <strong data-start=\"553\" data-end=\"610\">staj, \u00f6zel teknik e\u011fitim, kurs, workshop ve konferans<\/strong> hizmetleri sunuyoruz.<\/p><h4 data-start=\"636\" data-end=\"660\">\u0130lham Kayna\u011f\u0131m\u0131z<\/h4><h3 data-start=\"636\" data-end=\"660\"><span style=\"font-size: 16px;\">\u201cD\u00fcnyada her \u015fey i\u00e7in, medeniyet i\u00e7in, hayat i\u00e7in, ba\u015far\u0131 i\u00e7in en ger\u00e7ek yol g\u00f6sterici ilimdir, fendir&#8230;\u201d<\/span><\/h3><p data-start=\"663\" data-end=\"803\">\u2014 <strong data-start=\"776\" data-end=\"801\">Mustafa Kemal Atat\u00fcrk<\/strong><\/p><hr data-start=\"805\" data-end=\"808\" \/><h4 data-start=\"810\" data-end=\"839\"><strong data-start=\"814\" data-end=\"837\">Personel E\u011fitimleri<\/strong><\/h4><p data-start=\"840\" data-end=\"882\">Laboratuvar\u0131m\u0131zda her ay d\u00fczenli olarak:<\/p><ul data-start=\"883\" data-end=\"966\"><li data-start=\"883\" data-end=\"904\"><p data-start=\"885\" data-end=\"904\">Yeni teknolojiler<\/p><\/li><li data-start=\"905\" data-end=\"936\"><p data-start=\"907\" data-end=\"936\">G\u00fcncel ara\u015ft\u0131rma y\u00f6ntemleri<\/p><\/li><li data-start=\"937\" data-end=\"966\"><p data-start=\"939\" data-end=\"966\">Geli\u015fen analiz teknikleri<\/p><\/li><\/ul><p data-start=\"968\" data-end=\"1190\">konular\u0131nda e\u011fitimler d\u00fczenlenmektedir. E\u011fitimler, personel talepleri veya dan\u0131\u015fman hocalar\u0131m\u0131z\u0131n y\u00f6nlendirmesi do\u011frultusunda ger\u00e7ekle\u015fmekte olup, bu sayede ekibimiz bilgi ve deneyim a\u00e7\u0131s\u0131ndan s\u00fcrekli g\u00fcncel kalmaktad\u0131r.<\/p><hr data-start=\"1192\" data-end=\"1195\" \/><h4 data-start=\"1197\" data-end=\"1230\"><strong data-start=\"1201\" data-end=\"1228\">Workshop Programlar\u0131m\u0131z<\/strong><\/h4><p data-start=\"1231\" data-end=\"1374\">Hem <strong data-start=\"1235\" data-end=\"1263\">teorik hem de uygulamal\u0131<\/strong> olarak d\u00fczenlenen workshoplar\u0131m\u0131zla, ara\u015ft\u0131rmac\u0131lar\u0131n farkl\u0131 teknikleri deneyimlemelerine olanak sa\u011fl\u0131yoruz.<\/p><p data-start=\"1376\" data-end=\"1406\">Verilen ba\u015fl\u0131ca workshoplar:<\/p><ul data-start=\"1407\" data-end=\"1589\"><li data-start=\"1407\" data-end=\"1423\"><p data-start=\"1409\" data-end=\"1423\">Western Blot<\/p><\/li><li data-start=\"1424\" data-end=\"1457\"><p data-start=\"1426\" data-end=\"1457\">Real-Time PCR &amp; PCR \u00c7e\u015fitleri<\/p><\/li><li data-start=\"1458\" data-end=\"1486\"><p data-start=\"1460\" data-end=\"1486\">H\u00fccre K\u00fclt\u00fcr\u00fc Teknikleri<\/p><\/li><li data-start=\"1487\" data-end=\"1515\"><p data-start=\"1489\" data-end=\"1515\">CTC \u00c7o\u011faltma Analizat\u00f6r\u00fc<\/p><\/li><li data-start=\"1516\" data-end=\"1551\"><p data-start=\"1518\" data-end=\"1551\">Ak\u0131m Sitometri (Flow Cytometry)<\/p><\/li><li data-start=\"1552\" data-end=\"1571\"><p data-start=\"1554\" data-end=\"1571\">ELISA &amp; ELISPOT<\/p><\/li><li data-start=\"1572\" data-end=\"1589\"><p data-start=\"1574\" data-end=\"1589\">Mikrobiyoloji<\/p><\/li><\/ul><p data-start=\"1591\" data-end=\"1687\">Talebe \u00f6zel, yukar\u0131daki listede yer almayan e\u011fitimler i\u00e7in de program tasarlanabilmektedir.<\/p><hr data-start=\"1689\" data-end=\"1692\" \/><h4 data-start=\"1694\" data-end=\"1723\"><strong data-start=\"1698\" data-end=\"1721\">Staj Programlar\u0131m\u0131z<\/strong><\/h4><p data-start=\"1724\" data-end=\"1780\">HelixLab staj programlar\u0131n\u0131n temel amac\u0131, \u00f6\u011frencilere:<\/p><ul data-start=\"1781\" data-end=\"1954\"><li data-start=\"1781\" data-end=\"1835\"><p data-start=\"1783\" data-end=\"1835\">Teorik bilgilerini <strong data-start=\"1802\" data-end=\"1832\">uygulama ile b\u00fct\u00fcnle\u015ftirme<\/strong>,<\/p><\/li><li data-start=\"1836\" data-end=\"1874\"><p data-start=\"1838\" data-end=\"1874\">Ara\u015ft\u0131rma becerilerini geli\u015ftirme,<\/p><\/li><li data-start=\"1875\" data-end=\"1923\"><p data-start=\"1877\" data-end=\"1923\">Sorumluluk alma ve ekip \u00e7al\u0131\u015fmas\u0131na kat\u0131lma,<\/p><\/li><li data-start=\"1924\" data-end=\"1954\"><p data-start=\"1926\" data-end=\"1954\">Akademik hayata haz\u0131rlanma<\/p><\/li><\/ul><p data-start=\"1956\" data-end=\"1975\">imk\u00e2n\u0131 sunmakt\u0131r.<\/p><p data-start=\"1977\" data-end=\"2137\">Stajyerlerimiz, laboratuvar uygulamalar\u0131na kat\u0131lman\u0131n yan\u0131 s\u0131ra <strong data-start=\"2041\" data-end=\"2087\">sunum, raporlama ve mini proje \u00e7al\u0131\u015fmalar\u0131<\/strong> yaparak aktif bir \u00f6\u011frenme s\u00fcreci ge\u00e7irmektedir.<\/p>\t\t\t\t\t\t\t\t<\/div>\n\t\t\t\t<\/div>\n\t\t\t\t\t<\/div>\n\t\t<\/div>\n\t\t\t\t\t<\/div>\n\t\t<\/section>\n\t\t\t\t<\/div>\n\t\t","protected":false},"excerpt":{"rendered":"<p>E\u011e\u0130T\u0130M E\u011e\u0130T\u0130M HelixLab olarak yaln\u0131zca Ar-Ge projeleri \u00fcretmekle kalm\u0131yor; ayn\u0131 zamanda bilgi payla\u015f\u0131m\u0131 ve yeti\u015fmi\u015f insan g\u00fcc\u00fcn\u00fcn geli\u015fimine katk\u0131 sa\u011flamay\u0131 da \u00f6nemsiyoruz. Bu kapsamda; \u00fcniversite&hellip;<\/p>\n","protected":false},"author":3,"featured_media":0,"parent":0,"menu_order":0,"comment_status":"closed","ping_status":"closed","template":"","meta":{"footnotes":""},"class_list":["post-300","page","type-page","status-publish","hentry"],"aioseo_notices":[],"_links":{"self":[{"href":"https:\/\/helixlab.com.tr\/index.php?rest_route=\/wp\/v2\/pages\/300","targetHints":{"allow":["GET"]}}],"collection":[{"href":"https:\/\/helixlab.com.tr\/index.php?rest_route=\/wp\/v2\/pages"}],"about":[{"href":"https:\/\/helixlab.com.tr\/index.php?rest_route=\/wp\/v2\/types\/page"}],"author":[{"embeddable":true,"href":"https:\/\/helixlab.com.tr\/index.php?rest_route=\/wp\/v2\/users\/3"}],"replies":[{"embeddable":true,"href":"https:\/\/helixlab.com.tr\/index.php?rest_route=%2Fwp%2Fv2%2Fcomments&post=300"}],"version-history":[{"count":5,"href":"https:\/\/helixlab.com.tr\/index.php?rest_route=\/wp\/v2\/pages\/300\/revisions"}],"predecessor-version":[{"id":756,"href":"https:\/\/helixlab.com.tr\/index.php?rest_route=\/wp\/v2\/pages\/300\/revisions\/756"}],"wp:attachment":[{"href":"https:\/\/helixlab.com.tr\/index.php?rest_route=%2Fwp%2Fv2%2Fmedia&parent=300"}],"curies":[{"name":"wp","href":"https:\/\/api.w.org\/{rel}","templated":true}]}}