{"id":329,"date":"2023-08-25T06:48:43","date_gmt":"2023-08-25T06:48:43","guid":{"rendered":"https:\/\/helixlab.com.tr\/?page_id=329"},"modified":"2025-08-28T11:24:00","modified_gmt":"2025-08-28T11:24:00","slug":"misyonumuz","status":"publish","type":"page","link":"https:\/\/helixlab.com.tr\/?page_id=329","title":{"rendered":"Misyonumuz"},"content":{"rendered":"\t\t<div data-elementor-type=\"wp-page\" data-elementor-id=\"329\" class=\"elementor elementor-329\">\n\t\t\t\t\t\t<section class=\"elementor-section elementor-top-section elementor-element elementor-element-1ceab12 elementor-section-stretched elementor-section-boxed elementor-section-height-default elementor-section-height-default\" data-id=\"1ceab12\" data-element_type=\"section\" data-e-type=\"section\" data-settings=\"{&quot;background_background&quot;:&quot;classic&quot;,&quot;stretch_section&quot;:&quot;section-stretched&quot;}\">\n\t\t\t\t\t\t\t<div class=\"elementor-background-overlay\"><\/div>\n\t\t\t\t\t\t\t<div class=\"elementor-container elementor-column-gap-default\">\n\t\t\t\t\t<div class=\"elementor-column elementor-col-100 elementor-top-column elementor-element elementor-element-eb8d3c1\" data-id=\"eb8d3c1\" data-element_type=\"column\" data-e-type=\"column\">\n\t\t\t<div class=\"elementor-widget-wrap elementor-element-populated\">\n\t\t\t\t\t\t<div class=\"elementor-element elementor-element-3475a98 elementor-widget__width-initial elementor-widget-tablet__width-initial elementor-widget elementor-widget-heading\" data-id=\"3475a98\" data-element_type=\"widget\" data-e-type=\"widget\" data-widget_type=\"heading.default\">\n\t\t\t\t<div class=\"elementor-widget-container\">\n\t\t\t\t\t<h2 class=\"elementor-heading-title elementor-size-default\">M\u0130SYONUMUZ<\/h2>\t\t\t\t<\/div>\n\t\t\t\t<\/div>\n\t\t\t\t\t<\/div>\n\t\t<\/div>\n\t\t\t\t\t<\/div>\n\t\t<\/section>\n\t\t\t\t<section class=\"elementor-section elementor-top-section elementor-element elementor-element-8e8f3dd elementor-section-boxed elementor-section-height-default elementor-section-height-default\" data-id=\"8e8f3dd\" data-element_type=\"section\" data-e-type=\"section\" data-settings=\"{&quot;background_background&quot;:&quot;classic&quot;}\">\n\t\t\t\t\t\t<div class=\"elementor-container elementor-column-gap-default\">\n\t\t\t\t\t<div class=\"elementor-column elementor-col-100 elementor-top-column elementor-element elementor-element-8d231f9\" data-id=\"8d231f9\" data-element_type=\"column\" data-e-type=\"column\">\n\t\t\t<div class=\"elementor-widget-wrap elementor-element-populated\">\n\t\t\t\t\t\t<section class=\"elementor-section elementor-inner-section elementor-element elementor-element-d0c983a elementor-section-boxed elementor-section-height-default elementor-section-height-default\" data-id=\"d0c983a\" data-element_type=\"section\" data-e-type=\"section\">\n\t\t\t\t\t\t<div class=\"elementor-container elementor-column-gap-default\">\n\t\t\t\t\t<div class=\"elementor-column elementor-col-100 elementor-inner-column elementor-element elementor-element-c8e9f12\" data-id=\"c8e9f12\" data-element_type=\"column\" data-e-type=\"column\">\n\t\t\t<div class=\"elementor-widget-wrap elementor-element-populated\">\n\t\t\t\t\t\t<div class=\"elementor-element elementor-element-63ef48f elementor-widget__width-initial elementor-widget-divider--view-line elementor-widget elementor-widget-divider\" data-id=\"63ef48f\" data-element_type=\"widget\" data-e-type=\"widget\" data-widget_type=\"divider.default\">\n\t\t\t\t<div class=\"elementor-widget-container\">\n\t\t\t\t\t\t\t<div class=\"elementor-divider\">\n\t\t\t<span class=\"elementor-divider-separator\">\n\t\t\t\t\t\t<\/span>\n\t\t<\/div>\n\t\t\t\t\t\t<\/div>\n\t\t\t\t<\/div>\n\t\t\t\t<div class=\"elementor-element elementor-element-0533215 elementor-widget__width-initial elementor-widget elementor-widget-heading\" data-id=\"0533215\" data-element_type=\"widget\" data-e-type=\"widget\" data-widget_type=\"heading.default\">\n\t\t\t\t<div class=\"elementor-widget-container\">\n\t\t\t\t\t<h2 class=\"elementor-heading-title elementor-size-default\">M\u0130SYONUMUZ<\/h2>\t\t\t\t<\/div>\n\t\t\t\t<\/div>\n\t\t\t\t\t<\/div>\n\t\t<\/div>\n\t\t\t\t\t<\/div>\n\t\t<\/section>\n\t\t\t\t<div class=\"elementor-element elementor-element-8a53935 elementor-widget elementor-widget-text-editor\" data-id=\"8a53935\" data-element_type=\"widget\" data-e-type=\"widget\" data-widget_type=\"text-editor.default\">\n\t\t\t\t<div class=\"elementor-widget-container\">\n\t\t\t\t\t\t\t\t\t<ul><li data-start=\"133\" data-end=\"226\"><p data-start=\"135\" data-end=\"226\"><strong data-start=\"135\" data-end=\"223\">Bilimsel ara\u015ft\u0131rma ve Ar-Ge projelerine destek sa\u011flayarak yenilik\u00e7i \u00e7\u00f6z\u00fcmler \u00fcretmek<\/strong>,<\/p><\/li><li data-start=\"227\" data-end=\"332\"><p data-start=\"229\" data-end=\"332\"><strong data-start=\"229\" data-end=\"329\">Y\u00fcksek teknolojiye sahip cihaz altyap\u0131s\u0131 ve uzman kadro ile g\u00fcvenilir laboratuvar hizmeti sunmak<\/strong>,<\/p><\/li><li data-start=\"333\" data-end=\"399\"><p data-start=\"335\" data-end=\"399\"><strong data-start=\"335\" data-end=\"396\">\u00c7al\u0131\u015fan g\u00fcvenli\u011fi ve \u00e7evresel s\u00fcrd\u00fcr\u00fclebilirli\u011fi g\u00f6zetmek<\/strong>,<\/p><\/li><li data-start=\"400\" data-end=\"464\"><p data-start=\"402\" data-end=\"464\"><strong data-start=\"402\" data-end=\"461\">Ara\u015ft\u0131rmac\u0131lara do\u011fru, g\u00fcvenilir ve h\u0131zl\u0131 veri sa\u011flamak<\/strong>,<\/p><\/li><li data-start=\"465\" data-end=\"577\"><p data-start=\"467\" data-end=\"577\"><strong data-start=\"467\" data-end=\"575\">Bilimsel bilgi payla\u015f\u0131m\u0131n\u0131 te\u015fvik ederek e\u011fitim ve staj programlar\u0131yla gelecek nesilleri desteklemektir.<\/strong><\/p><\/li><\/ul>\t\t\t\t\t\t\t\t<\/div>\n\t\t\t\t<\/div>\n\t\t\t\t\t<\/div>\n\t\t<\/div>\n\t\t\t\t\t<\/div>\n\t\t<\/section>\n\t\t\t\t<\/div>\n\t\t","protected":false},"excerpt":{"rendered":"<p>M\u0130SYONUMUZ M\u0130SYONUMUZ Bilimsel ara\u015ft\u0131rma ve Ar-Ge projelerine destek sa\u011flayarak yenilik\u00e7i \u00e7\u00f6z\u00fcmler \u00fcretmek, Y\u00fcksek teknolojiye sahip cihaz altyap\u0131s\u0131 ve uzman kadro ile g\u00fcvenilir laboratuvar hizmeti sunmak,&hellip;<\/p>\n","protected":false},"author":3,"featured_media":0,"parent":0,"menu_order":0,"comment_status":"closed","ping_status":"closed","template":"","meta":{"footnotes":""},"class_list":["post-329","page","type-page","status-publish","hentry"],"aioseo_notices":[],"_links":{"self":[{"href":"https:\/\/helixlab.com.tr\/index.php?rest_route=\/wp\/v2\/pages\/329","targetHints":{"allow":["GET"]}}],"collection":[{"href":"https:\/\/helixlab.com.tr\/index.php?rest_route=\/wp\/v2\/pages"}],"about":[{"href":"https:\/\/helixlab.com.tr\/index.php?rest_route=\/wp\/v2\/types\/page"}],"author":[{"embeddable":true,"href":"https:\/\/helixlab.com.tr\/index.php?rest_route=\/wp\/v2\/users\/3"}],"replies":[{"embeddable":true,"href":"https:\/\/helixlab.com.tr\/index.php?rest_route=%2Fwp%2Fv2%2Fcomments&post=329"}],"version-history":[{"count":5,"href":"https:\/\/helixlab.com.tr\/index.php?rest_route=\/wp\/v2\/pages\/329\/revisions"}],"predecessor-version":[{"id":711,"href":"https:\/\/helixlab.com.tr\/index.php?rest_route=\/wp\/v2\/pages\/329\/revisions\/711"}],"wp:attachment":[{"href":"https:\/\/helixlab.com.tr\/index.php?rest_route=%2Fwp%2Fv2%2Fmedia&parent=329"}],"curies":[{"name":"wp","href":"https:\/\/api.w.org\/{rel}","templated":true}]}}