{"id":345,"date":"2023-08-25T06:55:04","date_gmt":"2023-08-25T06:55:04","guid":{"rendered":"https:\/\/helixlab.com.tr\/?page_id=345"},"modified":"2025-08-29T07:19:05","modified_gmt":"2025-08-29T07:19:05","slug":"kalite-politikamiz","status":"publish","type":"page","link":"https:\/\/helixlab.com.tr\/?page_id=345","title":{"rendered":"Kalite Politikam\u0131z"},"content":{"rendered":"\t\t<div data-elementor-type=\"wp-page\" data-elementor-id=\"345\" class=\"elementor elementor-345\">\n\t\t\t\t\t\t<section class=\"elementor-section elementor-top-section elementor-element elementor-element-1ceab12 elementor-section-stretched elementor-section-boxed elementor-section-height-default elementor-section-height-default\" data-id=\"1ceab12\" data-element_type=\"section\" data-e-type=\"section\" data-settings=\"{&quot;background_background&quot;:&quot;classic&quot;,&quot;stretch_section&quot;:&quot;section-stretched&quot;}\">\n\t\t\t\t\t\t\t<div class=\"elementor-background-overlay\"><\/div>\n\t\t\t\t\t\t\t<div class=\"elementor-container elementor-column-gap-default\">\n\t\t\t\t\t<div class=\"elementor-column elementor-col-100 elementor-top-column elementor-element elementor-element-eb8d3c1\" data-id=\"eb8d3c1\" data-element_type=\"column\" data-e-type=\"column\">\n\t\t\t<div class=\"elementor-widget-wrap elementor-element-populated\">\n\t\t\t\t\t\t<div class=\"elementor-element elementor-element-3475a98 elementor-widget__width-initial elementor-widget-tablet__width-initial elementor-widget elementor-widget-heading\" data-id=\"3475a98\" data-element_type=\"widget\" data-e-type=\"widget\" data-widget_type=\"heading.default\">\n\t\t\t\t<div class=\"elementor-widget-container\">\n\t\t\t\t\t<h2 class=\"elementor-heading-title elementor-size-default\">KAL\u0130TE POL\u0130T\u0130KAMIZ<\/h2>\t\t\t\t<\/div>\n\t\t\t\t<\/div>\n\t\t\t\t\t<\/div>\n\t\t<\/div>\n\t\t\t\t\t<\/div>\n\t\t<\/section>\n\t\t\t\t<section class=\"elementor-section elementor-top-section elementor-element elementor-element-8e8f3dd elementor-section-boxed elementor-section-height-default elementor-section-height-default\" data-id=\"8e8f3dd\" data-element_type=\"section\" data-e-type=\"section\" data-settings=\"{&quot;background_background&quot;:&quot;classic&quot;}\">\n\t\t\t\t\t\t<div class=\"elementor-container elementor-column-gap-default\">\n\t\t\t\t\t<div class=\"elementor-column elementor-col-100 elementor-top-column elementor-element elementor-element-8d231f9\" data-id=\"8d231f9\" data-element_type=\"column\" data-e-type=\"column\">\n\t\t\t<div class=\"elementor-widget-wrap elementor-element-populated\">\n\t\t\t\t\t\t<section class=\"elementor-section elementor-inner-section elementor-element elementor-element-d0c983a elementor-section-boxed elementor-section-height-default elementor-section-height-default\" data-id=\"d0c983a\" data-element_type=\"section\" data-e-type=\"section\">\n\t\t\t\t\t\t<div class=\"elementor-container elementor-column-gap-default\">\n\t\t\t\t\t<div class=\"elementor-column elementor-col-100 elementor-inner-column elementor-element elementor-element-c8e9f12\" data-id=\"c8e9f12\" data-element_type=\"column\" data-e-type=\"column\">\n\t\t\t<div class=\"elementor-widget-wrap elementor-element-populated\">\n\t\t\t\t\t\t<div class=\"elementor-element elementor-element-63ef48f elementor-widget__width-initial elementor-widget-divider--view-line elementor-widget elementor-widget-divider\" data-id=\"63ef48f\" data-element_type=\"widget\" data-e-type=\"widget\" data-widget_type=\"divider.default\">\n\t\t\t\t<div class=\"elementor-widget-container\">\n\t\t\t\t\t\t\t<div class=\"elementor-divider\">\n\t\t\t<span class=\"elementor-divider-separator\">\n\t\t\t\t\t\t<\/span>\n\t\t<\/div>\n\t\t\t\t\t\t<\/div>\n\t\t\t\t<\/div>\n\t\t\t\t<div class=\"elementor-element elementor-element-0533215 elementor-widget__width-initial elementor-widget elementor-widget-heading\" data-id=\"0533215\" data-element_type=\"widget\" data-e-type=\"widget\" data-widget_type=\"heading.default\">\n\t\t\t\t<div class=\"elementor-widget-container\">\n\t\t\t\t\t<h2 class=\"elementor-heading-title elementor-size-default\">kAL\u0130TE POL\u0130T\u0130KAMIZ<\/h2>\t\t\t\t<\/div>\n\t\t\t\t<\/div>\n\t\t\t\t\t<\/div>\n\t\t<\/div>\n\t\t\t\t\t<\/div>\n\t\t<\/section>\n\t\t\t\t<div class=\"elementor-element elementor-element-8a53935 elementor-widget elementor-widget-text-editor\" data-id=\"8a53935\" data-element_type=\"widget\" data-e-type=\"widget\" data-widget_type=\"text-editor.default\">\n\t\t\t\t<div class=\"elementor-widget-container\">\n\t\t\t\t\t\t\t\t\t<p>HelixLab Sa\u011fl\u0131k Hizmetleri Ara\u015ft\u0131rma ve Geli\u015ftirme A.\u015e. olarak, birimlerimizde yeni \u00fcr\u00fcn ve hizmetler geli\u015ftirmeyi, multi-disipliner ve disiplinler aras\u0131 ara\u015ft\u0131rmalar yapmay\u0131, ara\u015ft\u0131rmac\u0131lar\u0131 desteklemeyi, ba\u015far\u0131l\u0131 ve yetkin profesyonellerden olu\u015fan ve herkesin par\u00e7as\u0131 olmaktan gurur duydu\u011fu ideal bir kurum olmay\u0131 hedefliyoruz.<\/p><p>\u2713 Ekip ruhu ile \u015firket ve birim hedeflerine ula\u015fmak,<\/p><p>\u2713 T\u00fcm personelin, yapt\u0131klar\u0131 i\u015fin \u00f6nemini ve kalite sisteminin gerekliliklerini benimsemesini, s\u00fcrekli e\u011fitimlerle desteklenmesini, kalite y\u00f6netim sistemini ve dok\u00fcmantasyonunu \u00f6\u011frenmesini, politika ve prosed\u00fcrleri \u00e7al\u0131\u015fmalarda uygulamas\u0131n\u0131 sa\u011flamak,<\/p><p>\u2713 Uzman personeller ile analiz metot ve standartlar\u0131na uygun analiz cihazlar\u0131n\u0131 kullanmak,<\/p><p>\u2713 \u00c7al\u0131\u015fmalar\u0131m\u0131z\u0131 g\u00fcncel Ulusal veya Uluslararas\u0131 standart veya g\u00fcvenilir kurulu\u015flar taraf\u0131nda yay\u0131nlanm\u0131\u015f analiz metotlar\u0131na g\u00f6re, iyi mesleki ve teknik uygulama \u015fartlar\u0131 sa\u011flayarak, m\u00fcmk\u00fcn olan en k\u0131sa s\u00fcrede tamamlamak,<\/p><p>\u2713 Yasal \u015fartlara ve hizmet al\u0131c\u0131n\u0131n \u015fartlar\u0131na uygun,<\/p><p>\u2713 Tarafs\u0131zl\u0131k, ba\u011f\u0131ms\u0131zl\u0131k, d\u00fcr\u00fcstl\u00fck, gizlilik ve g\u00fcvenilirlik ilkelerini esas alarak,<\/p><p>\u2713 Yenilik\u00e7i ve yarat\u0131c\u0131 yakla\u015f\u0131mlarda bulunmak,<\/p><p>\u2713 Teknolojinin geli\u015fmesi sonucu ihtiya\u00e7 haline gelen de\u011fi\u015fimlere, kaynaklar\u0131n sa\u011flanmas\u0131 kabiliyeti ile h\u0131zl\u0131 \u015fekilde uyum sa\u011flamak,<\/p><p>\u2713 S\u00fcre\u00e7, \u00fcr\u00fcn ve hizmet kalitesini s\u00fcrekli olarak iyile\u015ftirmek,<\/p><p>\u2713 Kaliteli ve g\u00fcvenilir hizmet vermek i\u00e7in \u00e7al\u0131\u015f\u0131r\u0131z.<\/p>\t\t\t\t\t\t\t\t<\/div>\n\t\t\t\t<\/div>\n\t\t\t\t\t<\/div>\n\t\t<\/div>\n\t\t\t\t\t<\/div>\n\t\t<\/section>\n\t\t\t\t<\/div>\n\t\t","protected":false},"excerpt":{"rendered":"<p>KAL\u0130TE POL\u0130T\u0130KAMIZ kAL\u0130TE POL\u0130T\u0130KAMIZ HelixLab Sa\u011fl\u0131k Hizmetleri Ara\u015ft\u0131rma ve Geli\u015ftirme A.\u015e. olarak, birimlerimizde yeni \u00fcr\u00fcn ve hizmetler geli\u015ftirmeyi, multi-disipliner ve disiplinler aras\u0131 ara\u015ft\u0131rmalar yapmay\u0131, ara\u015ft\u0131rmac\u0131lar\u0131&hellip;<\/p>\n","protected":false},"author":3,"featured_media":0,"parent":0,"menu_order":0,"comment_status":"closed","ping_status":"closed","template":"","meta":{"footnotes":""},"class_list":["post-345","page","type-page","status-publish","hentry"],"aioseo_notices":[],"_links":{"self":[{"href":"https:\/\/helixlab.com.tr\/index.php?rest_route=\/wp\/v2\/pages\/345","targetHints":{"allow":["GET"]}}],"collection":[{"href":"https:\/\/helixlab.com.tr\/index.php?rest_route=\/wp\/v2\/pages"}],"about":[{"href":"https:\/\/helixlab.com.tr\/index.php?rest_route=\/wp\/v2\/types\/page"}],"author":[{"embeddable":true,"href":"https:\/\/helixlab.com.tr\/index.php?rest_route=\/wp\/v2\/users\/3"}],"replies":[{"embeddable":true,"href":"https:\/\/helixlab.com.tr\/index.php?rest_route=%2Fwp%2Fv2%2Fcomments&post=345"}],"version-history":[{"count":5,"href":"https:\/\/helixlab.com.tr\/index.php?rest_route=\/wp\/v2\/pages\/345\/revisions"}],"predecessor-version":[{"id":772,"href":"https:\/\/helixlab.com.tr\/index.php?rest_route=\/wp\/v2\/pages\/345\/revisions\/772"}],"wp:attachment":[{"href":"https:\/\/helixlab.com.tr\/index.php?rest_route=%2Fwp%2Fv2%2Fmedia&parent=345"}],"curies":[{"name":"wp","href":"https:\/\/api.w.org\/{rel}","templated":true}]}}