{"id":99,"date":"2023-07-26T12:11:24","date_gmt":"2023-07-26T12:11:24","guid":{"rendered":"https:\/\/helixlab.com.tr\/?page_id=99"},"modified":"2025-08-28T11:32:38","modified_gmt":"2025-08-28T11:32:38","slug":"molekuler","status":"publish","type":"page","link":"https:\/\/helixlab.com.tr\/?page_id=99","title":{"rendered":"Molek\u00fcler"},"content":{"rendered":"\t\t<div data-elementor-type=\"wp-page\" data-elementor-id=\"99\" class=\"elementor elementor-99\">\n\t\t\t\t\t\t<section class=\"elementor-section elementor-top-section elementor-element elementor-element-8e80b50 elementor-section-stretched elementor-section-boxed elementor-section-height-default elementor-section-height-default\" data-id=\"8e80b50\" data-element_type=\"section\" data-e-type=\"section\" data-settings=\"{&quot;background_background&quot;:&quot;classic&quot;,&quot;stretch_section&quot;:&quot;section-stretched&quot;}\">\n\t\t\t\t\t\t\t<div class=\"elementor-background-overlay\"><\/div>\n\t\t\t\t\t\t\t<div class=\"elementor-container elementor-column-gap-default\">\n\t\t\t\t\t<div class=\"elementor-column elementor-col-100 elementor-top-column elementor-element elementor-element-d13be1e\" data-id=\"d13be1e\" data-element_type=\"column\" data-e-type=\"column\">\n\t\t\t<div class=\"elementor-widget-wrap elementor-element-populated\">\n\t\t\t\t\t\t<div class=\"elementor-element elementor-element-36edf4d elementor-widget__width-initial elementor-widget-tablet__width-initial elementor-widget elementor-widget-heading\" data-id=\"36edf4d\" data-element_type=\"widget\" data-e-type=\"widget\" data-widget_type=\"heading.default\">\n\t\t\t\t<div class=\"elementor-widget-container\">\n\t\t\t\t\t<h2 class=\"elementor-heading-title elementor-size-default\">MOLEK\u00dcLER<\/h2>\t\t\t\t<\/div>\n\t\t\t\t<\/div>\n\t\t\t\t\t<\/div>\n\t\t<\/div>\n\t\t\t\t\t<\/div>\n\t\t<\/section>\n\t\t\t\t<section class=\"elementor-section elementor-top-section elementor-element elementor-element-6ed85f3 elementor-section-boxed elementor-section-height-default elementor-section-height-default\" data-id=\"6ed85f3\" data-element_type=\"section\" data-e-type=\"section\" data-settings=\"{&quot;background_background&quot;:&quot;classic&quot;}\">\n\t\t\t\t\t\t<div class=\"elementor-container elementor-column-gap-default\">\n\t\t\t\t\t<div class=\"elementor-column elementor-col-100 elementor-top-column elementor-element elementor-element-39143ed\" data-id=\"39143ed\" data-element_type=\"column\" data-e-type=\"column\">\n\t\t\t<div class=\"elementor-widget-wrap elementor-element-populated\">\n\t\t\t\t\t\t<section class=\"elementor-section elementor-inner-section elementor-element elementor-element-0974e6b elementor-section-boxed elementor-section-height-default elementor-section-height-default\" data-id=\"0974e6b\" data-element_type=\"section\" data-e-type=\"section\">\n\t\t\t\t\t\t<div class=\"elementor-container elementor-column-gap-default\">\n\t\t\t\t\t<div class=\"elementor-column elementor-col-100 elementor-inner-column elementor-element elementor-element-bdbbc51\" data-id=\"bdbbc51\" data-element_type=\"column\" data-e-type=\"column\">\n\t\t\t<div class=\"elementor-widget-wrap elementor-element-populated\">\n\t\t\t\t\t\t<div class=\"elementor-element elementor-element-2e1a133 elementor-widget__width-initial elementor-widget-divider--view-line elementor-widget elementor-widget-divider\" data-id=\"2e1a133\" data-element_type=\"widget\" data-e-type=\"widget\" data-widget_type=\"divider.default\">\n\t\t\t\t<div class=\"elementor-widget-container\">\n\t\t\t\t\t\t\t<div class=\"elementor-divider\">\n\t\t\t<span class=\"elementor-divider-separator\">\n\t\t\t\t\t\t<\/span>\n\t\t<\/div>\n\t\t\t\t\t\t<\/div>\n\t\t\t\t<\/div>\n\t\t\t\t<div class=\"elementor-element elementor-element-3b364f5 elementor-widget__width-initial elementor-widget elementor-widget-heading\" data-id=\"3b364f5\" data-element_type=\"widget\" data-e-type=\"widget\" data-widget_type=\"heading.default\">\n\t\t\t\t<div class=\"elementor-widget-container\">\n\t\t\t\t\t<h2 class=\"elementor-heading-title elementor-size-default\">MOLEK\u00dcLER<\/h2>\t\t\t\t<\/div>\n\t\t\t\t<\/div>\n\t\t\t\t\t<\/div>\n\t\t<\/div>\n\t\t\t\t\t<\/div>\n\t\t<\/section>\n\t\t\t\t<div class=\"elementor-element elementor-element-72f5cec elementor-widget elementor-widget-text-editor\" data-id=\"72f5cec\" data-element_type=\"widget\" data-e-type=\"widget\" data-widget_type=\"text-editor.default\">\n\t\t\t\t<div class=\"elementor-widget-container\">\n\t\t\t\t\t\t\t\t\t<p data-start=\"147\" data-end=\"315\">HelixLab Molek\u00fcler Laboratuvar\u0131, <strong data-start=\"180\" data-end=\"222\">otomatik ve manuel molek\u00fcler analizler<\/strong> yapabilme kapasitesine sahiptir. Laboratuvar\u0131m\u0131zda kullan\u0131lan ba\u015fl\u0131ca cihaz ve ekipmanlar:<\/p><ul data-start=\"317\" data-end=\"449\"><li data-start=\"317\" data-end=\"358\"><p data-start=\"319\" data-end=\"358\"><strong data-start=\"319\" data-end=\"356\">BioRad CFX-96 Touch Real Time PCR<\/strong><\/p><\/li><li data-start=\"359\" data-end=\"393\"><p data-start=\"361\" data-end=\"393\"><strong data-start=\"361\" data-end=\"391\">BioRad T100 Thermal Cycler<\/strong><\/p><\/li><li data-start=\"394\" data-end=\"449\"><p data-start=\"396\" data-end=\"449\"><strong data-start=\"396\" data-end=\"447\">BioRad Elektroforez ve Western Blot Ekipmanlar\u0131<\/strong><\/p><\/li><\/ul><p data-start=\"451\" data-end=\"593\">Uzman ekibimiz, <strong data-start=\"467\" data-end=\"576\">ara\u015ft\u0131rma ve Ar-Ge projeleri kapsam\u0131nda talepleriniz do\u011frultusunda gerekli verileri ve analiz sonu\u00e7lar\u0131n\u0131<\/strong> sa\u011flamaktad\u0131r.<\/p><p>\u00a0<\/p>\t\t\t\t\t\t\t\t<\/div>\n\t\t\t\t<\/div>\n\t\t\t\t<div class=\"elementor-element elementor-element-3d185ac elementor-widget elementor-widget-text-editor\" data-id=\"3d185ac\" data-element_type=\"widget\" data-e-type=\"widget\" data-widget_type=\"text-editor.default\">\n\t\t\t\t<div class=\"elementor-widget-container\">\n\t\t\t\t\t\t\t\t\t<h4><strong>Real Time PCR<\/strong><\/h4><p data-start=\"172\" data-end=\"366\">HelixLab Molek\u00fcler Laboratuvar\u0131\u2019nda, <strong data-start=\"209\" data-end=\"226\">Real Time PCR<\/strong> teknikleri ve ilgili molek\u00fcler analizler kullan\u0131larak <strong data-start=\"281\" data-end=\"327\">ara\u015ft\u0131rma ve geli\u015ftirme projelerine destek<\/strong> sa\u011flanmaktad\u0131r. Ba\u015fl\u0131ca uygulamalar:<\/p><ul data-start=\"368\" data-end=\"1315\"><li data-start=\"368\" data-end=\"528\"><p data-start=\"370\" data-end=\"528\"><strong data-start=\"370\" data-end=\"388\">Real Time PCR:<\/strong> I\u015f\u0131ma \u00f6zelli\u011fine sahip molek\u00fcller kullan\u0131larak PCR s\u00fcrecinin ger\u00e7ek zamanl\u0131 izlenmesi ve miktar belirleme yap\u0131lmas\u0131n\u0131 sa\u011flayan y\u00f6ntemdir.<\/p><\/li><li data-start=\"529\" data-end=\"642\"><p data-start=\"531\" data-end=\"642\"><strong data-start=\"531\" data-end=\"558\">Gen \u0130fadesi Analizleri:<\/strong> Normal ve hastal\u0131kl\u0131 dokular aras\u0131ndaki gen ifade d\u00fczeylerinin kar\u015f\u0131la\u015ft\u0131r\u0131lmas\u0131.<\/p><\/li><li data-start=\"643\" data-end=\"851\"><p data-start=\"645\" data-end=\"851\"><strong data-start=\"645\" data-end=\"692\">Allelik Diskriminasyon (Allel Ayr\u0131mc\u0131l\u0131\u011f\u0131):<\/strong> \u0130ki veya daha fazla farkl\u0131 alel aras\u0131nda ayr\u0131m yapmak amac\u0131yla kullan\u0131lan, her reaksiyon i\u00e7in birden fazla primer ve prob i\u00e7eren <strong data-start=\"822\" data-end=\"848\">multipleks PCR y\u00f6ntemi<\/strong>.<\/p><\/li><li data-start=\"852\" data-end=\"999\"><p data-start=\"854\" data-end=\"999\"><strong data-start=\"854\" data-end=\"873\">Biyoinformatik:<\/strong> Biyolojik ve genetik verilerin depolanmas\u0131, i\u015flenmesi, analiz edilmesi, y\u00f6netimi ve raporlanmas\u0131 i\u00e7in kullan\u0131lan y\u00f6ntemler.<\/p><\/li><li data-start=\"1000\" data-end=\"1315\"><p data-start=\"1002\" data-end=\"1035\"><strong data-start=\"1002\" data-end=\"1033\">SNP ve Mutasyon Analizleri:<\/strong><\/p><ul data-start=\"1038\" data-end=\"1315\"><li data-start=\"1038\" data-end=\"1136\"><p data-start=\"1040\" data-end=\"1136\"><strong data-start=\"1040\" data-end=\"1081\">SNP (Single Nucleotide Polymorphism):<\/strong> \u0130ki birey aras\u0131ndaki DNA\u2019daki tek baz farkl\u0131l\u0131klar\u0131.<\/p><\/li><li data-start=\"1139\" data-end=\"1315\"><p data-start=\"1141\" data-end=\"1315\"><strong data-start=\"1141\" data-end=\"1165\">Mutasyon Analizleri:<\/strong> DNA veya RNA dizilimindeki kal\u0131c\u0131 de\u011fi\u015fimlerin belirlenmesi; \u00f6zellikle <strong data-start=\"1237\" data-end=\"1285\">kal\u0131tsal hastal\u0131klar ve kanser ara\u015ft\u0131rmalar\u0131<\/strong> i\u00e7in kritik \u00f6neme sahiptir.<\/p><\/li><\/ul><\/li><\/ul><p data-start=\"1317\" data-end=\"1452\">T\u00fcm bu analizler yaln\u0131zca ara\u015ft\u0131rma ve Ar-Ge projeleri kapsam\u0131nda y\u00fcr\u00fct\u00fclmektedir; tan\u0131 veya klinik tedavi ama\u00e7l\u0131 de\u011fildir.<\/p>\t\t\t\t\t\t\t\t<\/div>\n\t\t\t\t<\/div>\n\t\t\t\t<div class=\"elementor-element elementor-element-10d334b elementor-widget elementor-widget-text-editor\" data-id=\"10d334b\" data-element_type=\"widget\" data-e-type=\"widget\" data-widget_type=\"text-editor.default\">\n\t\t\t\t<div class=\"elementor-widget-container\">\n\t\t\t\t\t\t\t\t\t<h4><strong>PCR<\/strong><\/h4><p>DNA\u2019daki dizisi bilinen iki segment aras\u0131ndaki \u00f6zg\u00fcn b\u00f6lgeyi <strong data-start=\"380\" data-end=\"409\">enzimatik olarak \u00e7o\u011faltma<\/strong> y\u00f6ntemidir.<\/p><h4><strong>Western Blot<\/strong><\/h4><p>Doku homojenat\u0131 veya ekstrakt\u0131 i\u00e7indeki <strong data-start=\"637\" data-end=\"678\">spesifik proteinlerin tan\u0131mlanmas\u0131nda<\/strong> yayg\u0131n olarak kullan\u0131lan analitik teknik.<\/p><h4><strong>Gen Klonlama<\/strong><\/h4><p>Konak h\u00fccre i\u00e7inde <strong data-start=\"762\" data-end=\"802\">istenilen genin \u00e7ok say\u0131da kopyas\u0131n\u0131<\/strong> elde etme i\u015flemi.<\/p><h4><strong>Protein \u00c7al\u0131\u015fmalar\u0131<\/strong><\/h4><p>\u0130n vitro y\u00f6ntemlerle proteinlerin <strong data-start=\"884\" data-end=\"927\">yap\u0131s\u0131, miktar\u0131 ve i\u015flevlerinin analizi<\/strong>.<\/p><h4><strong>Jel Elektroforezi<\/strong><\/h4><p>Safla\u015ft\u0131r\u0131lm\u0131\u015f n\u00fckleik asit ve proteinlerin <strong data-start=\"1000\" data-end=\"1046\">molek\u00fcl a\u011f\u0131rl\u0131\u011f\u0131, miktar\u0131 ve alt tiplerini<\/strong> saptamak i\u00e7in kullan\u0131lan molek\u00fcler inceleme y\u00f6ntemi.<\/p><h4><strong>Genom d\u00fczenleme (CRISPR-Cas9, Knock Out- Knock In)<\/strong><\/h4><p>Canl\u0131 organizmalarda genom \u00fczerinde <strong data-start=\"1197\" data-end=\"1246\">n\u00fckleotid ekleme, \u00e7\u0131karma veya yer de\u011fi\u015ftirme<\/strong> yap\u0131lmas\u0131n\u0131 sa\u011flayan ileri d\u00fczey bir molek\u00fcler biyoloji uygulamas\u0131.<\/p><p><em data-start=\"1321\" data-end=\"1334\">CRISPR-Cas9<\/em>, \u201cDNA\u2019da ameliyat yapabilen teknoloji\u201d olarak an\u0131lmakta ve 2020 Nobel Kimya \u00d6d\u00fcl\u00fc ile bilim d\u00fcnyas\u0131nda \u00f6ne \u00e7\u0131km\u0131\u015ft\u0131r. Bu teknoloji, DNA diziliminde h\u0131zl\u0131, d\u00fc\u015f\u00fck maliyetli ve y\u00fcksek do\u011fruluklu d\u00fczenlemelere olanak tan\u0131r ve geni\u015f bir uygulama yelpazesine sahiptir.<\/p><p>T\u00fcm bu \u00e7al\u0131\u015fmalar, yaln\u0131zca ara\u015ft\u0131rma ve Ar-Ge projelerine y\u00f6nelik olup, tan\u0131 veya klinik tedavi ama\u00e7l\u0131 de\u011fildir.<\/p>\t\t\t\t\t\t\t\t<\/div>\n\t\t\t\t<\/div>\n\t\t\t\t\t<\/div>\n\t\t<\/div>\n\t\t\t\t\t<\/div>\n\t\t<\/section>\n\t\t\t\t<section class=\"elementor-section elementor-top-section elementor-element elementor-element-41341bb elementor-section-boxed elementor-section-height-default elementor-section-height-default\" data-id=\"41341bb\" data-element_type=\"section\" data-e-type=\"section\">\n\t\t\t\t\t\t<div class=\"elementor-container elementor-column-gap-default\">\n\t\t\t\t\t<div class=\"elementor-column elementor-col-100 elementor-top-column elementor-element elementor-element-6160f2d\" data-id=\"6160f2d\" data-element_type=\"column\" data-e-type=\"column\">\n\t\t\t<div class=\"elementor-widget-wrap elementor-element-populated\">\n\t\t\t\t\t\t<div class=\"elementor-element elementor-element-503ffd5 elementor-widget elementor-widget-image\" data-id=\"503ffd5\" data-element_type=\"widget\" data-e-type=\"widget\" data-widget_type=\"image.default\">\n\t\t\t\t<div class=\"elementor-widget-container\">\n\t\t\t\t\t\t\t\t\t\t\t\t\t\t\t<img fetchpriority=\"high\" decoding=\"async\" width=\"843\" height=\"562\" src=\"https:\/\/helixlab.com.tr\/wp-content\/uploads\/2023\/08\/Molekuler-Alt-1.jpg\" class=\"attachment-large size-large wp-image-266\" alt=\"\" srcset=\"https:\/\/helixlab.com.tr\/wp-content\/uploads\/2023\/08\/Molekuler-Alt-1.jpg 999w, https:\/\/helixlab.com.tr\/wp-content\/uploads\/2023\/08\/Molekuler-Alt-1-300x200.jpg 300w, https:\/\/helixlab.com.tr\/wp-content\/uploads\/2023\/08\/Molekuler-Alt-1-768x512.jpg 768w\" sizes=\"(max-width: 843px) 100vw, 843px\" \/>\t\t\t\t\t\t\t\t\t\t\t\t\t\t\t<\/div>\n\t\t\t\t<\/div>\n\t\t\t\t\t<\/div>\n\t\t<\/div>\n\t\t\t\t\t<\/div>\n\t\t<\/section>\n\t\t\t\t<section class=\"elementor-section elementor-top-section elementor-element elementor-element-e641416 elementor-section-boxed elementor-section-height-default elementor-section-height-default\" data-id=\"e641416\" data-element_type=\"section\" data-e-type=\"section\">\n\t\t\t\t\t\t<div class=\"elementor-container elementor-column-gap-default\">\n\t\t\t\t\t<div class=\"elementor-column elementor-col-100 elementor-top-column elementor-element elementor-element-f3f927b\" data-id=\"f3f927b\" data-element_type=\"column\" data-e-type=\"column\">\n\t\t\t<div class=\"elementor-widget-wrap elementor-element-populated\">\n\t\t\t\t\t\t<div class=\"elementor-element elementor-element-82b1199 elementor-widget elementor-widget-image\" data-id=\"82b1199\" data-element_type=\"widget\" data-e-type=\"widget\" data-widget_type=\"image.default\">\n\t\t\t\t<div class=\"elementor-widget-container\">\n\t\t\t\t\t\t\t\t\t\t\t\t\t\t\t<img decoding=\"async\" width=\"426\" height=\"567\" src=\"https:\/\/helixlab.com.tr\/wp-content\/uploads\/2023\/08\/Molekuler-Alt-2.jpg\" class=\"attachment-large size-large wp-image-267\" alt=\"\" srcset=\"https:\/\/helixlab.com.tr\/wp-content\/uploads\/2023\/08\/Molekuler-Alt-2.jpg 426w, https:\/\/helixlab.com.tr\/wp-content\/uploads\/2023\/08\/Molekuler-Alt-2-225x300.jpg 225w\" sizes=\"(max-width: 426px) 100vw, 426px\" \/>\t\t\t\t\t\t\t\t\t\t\t\t\t\t\t<\/div>\n\t\t\t\t<\/div>\n\t\t\t\t\t<\/div>\n\t\t<\/div>\n\t\t\t\t\t<\/div>\n\t\t<\/section>\n\t\t\t\t<\/div>\n\t\t","protected":false},"excerpt":{"rendered":"<p>MOLEK\u00dcLER MOLEK\u00dcLER HelixLab Molek\u00fcler Laboratuvar\u0131, otomatik ve manuel molek\u00fcler analizler yapabilme kapasitesine sahiptir. Laboratuvar\u0131m\u0131zda kullan\u0131lan ba\u015fl\u0131ca cihaz ve ekipmanlar: BioRad CFX-96 Touch Real Time PCR&hellip;<\/p>\n","protected":false},"author":3,"featured_media":0,"parent":0,"menu_order":0,"comment_status":"closed","ping_status":"closed","template":"","meta":{"footnotes":""},"class_list":["post-99","page","type-page","status-publish","hentry"],"aioseo_notices":[],"_links":{"self":[{"href":"https:\/\/helixlab.com.tr\/index.php?rest_route=\/wp\/v2\/pages\/99","targetHints":{"allow":["GET"]}}],"collection":[{"href":"https:\/\/helixlab.com.tr\/index.php?rest_route=\/wp\/v2\/pages"}],"about":[{"href":"https:\/\/helixlab.com.tr\/index.php?rest_route=\/wp\/v2\/types\/page"}],"author":[{"embeddable":true,"href":"https:\/\/helixlab.com.tr\/index.php?rest_route=\/wp\/v2\/users\/3"}],"replies":[{"embeddable":true,"href":"https:\/\/helixlab.com.tr\/index.php?rest_route=%2Fwp%2Fv2%2Fcomments&post=99"}],"version-history":[{"count":5,"href":"https:\/\/helixlab.com.tr\/index.php?rest_route=\/wp\/v2\/pages\/99\/revisions"}],"predecessor-version":[{"id":726,"href":"https:\/\/helixlab.com.tr\/index.php?rest_route=\/wp\/v2\/pages\/99\/revisions\/726"}],"wp:attachment":[{"href":"https:\/\/helixlab.com.tr\/index.php?rest_route=%2Fwp%2Fv2%2Fmedia&parent=99"}],"curies":[{"name":"wp","href":"https:\/\/api.w.org\/{rel}","templated":true}]}}